{"id":99,"date":"2024-05-21T14:16:00","date_gmt":"2024-05-21T14:16:00","guid":{"rendered":"https:\/\/godefroy-bourneuf.fr\/WP\/?page_id=99"},"modified":"2024-05-30T09:46:58","modified_gmt":"2024-05-30T09:46:58","slug":"nos-plants","status":"publish","type":"page","link":"https:\/\/godefroy-bourneuf.fr\/?page_id=99","title":{"rendered":"NOS PLANTS &#x1f331;"},"content":{"rendered":"\n<p class=\"has-manrope-font-family\">&#x2714;&#xfe0f; Tous nos plants sont <strong>des plants frigo <\/strong>conserv\u00e9s \u00e0 -2\u00b0C. &#x1f321;<\/p>\n\n\n\n<p class=\"has-manrope-font-family\">&#x2714;&#xfe0f; Ils sont disponibles <strong>de<\/strong> <strong>fin d\u00e9cembre \u00e0 fin ao\u00fbt<\/strong>. &#x1f5d3;<\/p>\n\n\n\n<p class=\"has-manrope-font-family\">&#x2714;&#xfe0f; L&rsquo;exp\u00e9dition se fait <strong>par transport express, messagerie ou colissimo <\/strong>dans toute la France. &#x1f69a;<\/p>\n\n\n\n<p class=\"has-manrope-font-family\">&#x2714;&#xfe0f; <strong>Le plant B<\/strong>, destin\u00e9 \u00e0 \u00eatre plant\u00e9 en godet, conditionn\u00e9 par paquet de 25, est disponible en caisse de 500 ou 750 plants.<\/p>\n\n\n\n<p class=\"has-manrope-font-family\">&#x2714;&#xfe0f; <strong>Le<\/strong> <strong>plant A<\/strong>, destin\u00e9 \u00e0 la culture fruiti\u00e8re, conditionn\u00e9 par paquet de 13, est disponible en caisse de 250 plants. <\/p>\n\n\n\n<p class=\"has-manrope-font-family\">&#x2714;&#xfe0f; Toute demande dans<strong> un conditionnement diff\u00e9rent<\/strong> pourra \u00eatre envisag\u00e9e. &#x1f4e6;<\/p>\n\n\n\n<p><\/p>\n\n\n\n<div class=\"wp-block-columns is-layout-flex wp-container-core-columns-is-layout-1 wp-block-columns-is-layout-flex\">\n<div class=\"wp-block-column is-layout-flow wp-block-column-is-layout-flow\">\n<figure class=\"wp-block-image aligncenter size-full\"><img loading=\"lazy\" decoding=\"async\" width=\"290\" height=\"462\" src=\"https:\/\/godefroy-bourneuf.fr\/WP\/wp-content\/uploads\/2024\/05\/photo031-1.jpg\" alt=\"\" class=\"wp-image-101\" srcset=\"https:\/\/godefroy-bourneuf.fr\/wp-content\/uploads\/2024\/05\/photo031-1.jpg 290w, https:\/\/godefroy-bourneuf.fr\/wp-content\/uploads\/2024\/05\/photo031-1-188x300.jpg 188w\" sizes=\"auto, (max-width: 290px) 100vw, 290px\" \/><\/figure>\n<\/div>\n\n\n\n<div class=\"wp-block-column is-layout-flow wp-block-column-is-layout-flow\">\n<figure class=\"wp-block-image aligncenter size-full\"><img loading=\"lazy\" decoding=\"async\" width=\"290\" height=\"462\" src=\"https:\/\/godefroy-bourneuf.fr\/WP\/wp-content\/uploads\/2024\/05\/photo021-5.jpg\" alt=\"\" class=\"wp-image-102\" srcset=\"https:\/\/godefroy-bourneuf.fr\/wp-content\/uploads\/2024\/05\/photo021-5.jpg 290w, https:\/\/godefroy-bourneuf.fr\/wp-content\/uploads\/2024\/05\/photo021-5-188x300.jpg 188w\" sizes=\"auto, (max-width: 290px) 100vw, 290px\" \/><\/figure>\n<\/div>\n<\/div>\n","protected":false},"excerpt":{"rendered":"<p>&#x2714;&#xfe0f; Tous nos plants sont des plants frigo conserv\u00e9s \u00e0 -2\u00b0C. &#x1f321; &#x2714;&#xfe0f; Ils sont disponibles de fin d\u00e9cembre \u00e0 fin ao\u00fbt. &#x1f5d3; &#x2714;&#xfe0f; L&rsquo;exp\u00e9dition se fait par transport express, messagerie ou colissimo dans toute la France. &#x1f69a; &#x2714;&#xfe0f; Le plant B, destin\u00e9 \u00e0 \u00eatre plant\u00e9 en godet, conditionn\u00e9 par paquet de 25, est disponible [&hellip;]<\/p>\n","protected":false},"author":1,"featured_media":0,"parent":0,"menu_order":0,"comment_status":"closed","ping_status":"closed","template":"","meta":{"footnotes":""},"class_list":["post-99","page","type-page","status-publish","hentry"],"_links":{"self":[{"href":"https:\/\/godefroy-bourneuf.fr\/index.php?rest_route=\/wp\/v2\/pages\/99","targetHints":{"allow":["GET"]}}],"collection":[{"href":"https:\/\/godefroy-bourneuf.fr\/index.php?rest_route=\/wp\/v2\/pages"}],"about":[{"href":"https:\/\/godefroy-bourneuf.fr\/index.php?rest_route=\/wp\/v2\/types\/page"}],"author":[{"embeddable":true,"href":"https:\/\/godefroy-bourneuf.fr\/index.php?rest_route=\/wp\/v2\/users\/1"}],"replies":[{"embeddable":true,"href":"https:\/\/godefroy-bourneuf.fr\/index.php?rest_route=%2Fwp%2Fv2%2Fcomments&post=99"}],"version-history":[{"count":5,"href":"https:\/\/godefroy-bourneuf.fr\/index.php?rest_route=\/wp\/v2\/pages\/99\/revisions"}],"predecessor-version":[{"id":403,"href":"https:\/\/godefroy-bourneuf.fr\/index.php?rest_route=\/wp\/v2\/pages\/99\/revisions\/403"}],"wp:attachment":[{"href":"https:\/\/godefroy-bourneuf.fr\/index.php?rest_route=%2Fwp%2Fv2%2Fmedia&parent=99"}],"curies":[{"name":"wp","href":"https:\/\/api.w.org\/{rel}","templated":true}]}}