{"id":69,"date":"2024-05-21T12:47:40","date_gmt":"2024-05-21T12:47:40","guid":{"rendered":"https:\/\/godefroy-bourneuf.fr\/WP\/?page_id=69"},"modified":"2024-05-30T09:46:13","modified_gmt":"2024-05-30T09:46:13","slug":"nos-valeurs","status":"publish","type":"page","link":"https:\/\/godefroy-bourneuf.fr\/?page_id=69","title":{"rendered":"NOTRE ENGAGEMENT &#x1f44d;"},"content":{"rendered":"\n<div class=\"wp-block-columns is-layout-flex wp-container-core-columns-is-layout-1 wp-block-columns-is-layout-flex\">\n<div class=\"wp-block-column is-layout-flow wp-block-column-is-layout-flow\">\n<p class=\"has-text-align-center has-secondary-color has-vivid-red-background-color has-text-color has-background has-link-color has-amatic-sc-font-family has-extra-large-font-size wp-elements-9212c312a8d735bfbea6ec8d8b7aa65d\"><strong>Disponibilit\u00e9<\/strong><\/p>\n\n\n\n<p class=\"has-text-align-center has-manrope-font-family\"><strong>Une \u00e9quipe r\u00e9active<\/strong> et \u00e0 votre disposition d\u00e8s la prise de contact et jusqu&rsquo;\u00e0 la r\u00e9ception chez vous. &#x1f4e6;<\/p>\n<\/div>\n\n\n\n<div class=\"wp-block-column is-layout-flow wp-block-column-is-layout-flow\">\n<p class=\"has-text-align-center has-secondary-color has-vivid-red-background-color has-text-color has-background has-link-color has-amatic-sc-font-family has-extra-large-font-size wp-elements-b87e11cb0908189fea43013ef466ffcf\"><strong>\u00c0 votre \u00e9coute<\/strong> <\/p>\n\n\n\n<p class=\"has-text-align-center has-manrope-font-family\" id=\"nos-valeurs\">Afin d&rsquo;assurer une relation suivie, <strong>une \u00e9quipe dynamique<\/strong> est \u00e0 votre \u00e9coute pour satisfaire parfaitement votre demande.<\/p>\n<\/div>\n\n\n\n<div class=\"wp-block-column is-layout-flow wp-block-column-is-layout-flow\">\n<p class=\"has-text-align-center has-secondary-color has-vivid-red-background-color has-text-color has-background has-link-color has-amatic-sc-font-family has-extra-large-font-size wp-elements-1d4a0a81beff8ef2a121ea818ac12cf1\"><strong>Notre exigence<\/strong><\/p>\n\n\n\n<p class=\"has-text-align-center has-manrope-font-family\">Notre professionnalisme se traduit par une exigence envers<strong> la qualit\u00e9 de nos produits<\/strong> afin de r\u00e9pondre au mieux \u00e0 vos besoins faits de traditions et d&rsquo;innovations.<\/p>\n<\/div>\n<\/div>\n\n\n\n<hr class=\"wp-block-separator has-alpha-channel-opacity\"\/>\n\n\n\n<p class=\"has-manrope-font-family\"><\/p>\n\n\n\n<p class=\"has-manrope-font-family\">&#x2714;&#xfe0f; Les exp\u00e9ditions sont toujours r\u00e9alis\u00e9es <strong>le lundi de la semaine convenue lors de la prise de commande<\/strong>. &#x1f4c5;<\/p>\n\n\n\n<p class=\"has-manrope-font-family\">&#x2714;&#xfe0f; <strong>Les vignettes S.O.C.<\/strong> (Service Officiel de Contr\u00f4le)<strong> et le passeport phytosanitaire <\/strong>sont appos\u00e9s sur chaque bon de livraison. &#x1f4c3;<\/p>\n\n\n\n<p><\/p>\n\n\n\n<div class=\"wp-block-columns is-layout-flex wp-container-core-columns-is-layout-2 wp-block-columns-is-layout-flex\">\n<div class=\"wp-block-column is-layout-flow wp-block-column-is-layout-flow\">\n<figure class=\"wp-block-image aligncenter size-full\"><img loading=\"lazy\" decoding=\"async\" width=\"2560\" height=\"1920\" src=\"https:\/\/godefroy-bourneuf.fr\/WP\/wp-content\/uploads\/2024\/05\/FRAISIERS2010-2011-072-min1-scaled.jpg\" alt=\"\" class=\"wp-image-359\" srcset=\"https:\/\/godefroy-bourneuf.fr\/wp-content\/uploads\/2024\/05\/FRAISIERS2010-2011-072-min1-scaled.jpg 2560w, https:\/\/godefroy-bourneuf.fr\/wp-content\/uploads\/2024\/05\/FRAISIERS2010-2011-072-min1-300x225.jpg 300w, https:\/\/godefroy-bourneuf.fr\/wp-content\/uploads\/2024\/05\/FRAISIERS2010-2011-072-min1-1024x768.jpg 1024w, https:\/\/godefroy-bourneuf.fr\/wp-content\/uploads\/2024\/05\/FRAISIERS2010-2011-072-min1-768x576.jpg 768w, https:\/\/godefroy-bourneuf.fr\/wp-content\/uploads\/2024\/05\/FRAISIERS2010-2011-072-min1-1536x1152.jpg 1536w, https:\/\/godefroy-bourneuf.fr\/wp-content\/uploads\/2024\/05\/FRAISIERS2010-2011-072-min1-2048x1536.jpg 2048w\" sizes=\"auto, (max-width: 2560px) 100vw, 2560px\" \/><\/figure>\n<\/div>\n\n\n\n<div class=\"wp-block-column is-layout-flow wp-block-column-is-layout-flow\">\n<figure class=\"wp-block-image aligncenter size-full\"><img loading=\"lazy\" decoding=\"async\" width=\"2560\" height=\"1920\" src=\"https:\/\/godefroy-bourneuf.fr\/WP\/wp-content\/uploads\/2024\/05\/pal.caisse.pltAB-013-min-scaled.jpg\" alt=\"\" class=\"wp-image-358\" srcset=\"https:\/\/godefroy-bourneuf.fr\/wp-content\/uploads\/2024\/05\/pal.caisse.pltAB-013-min-scaled.jpg 2560w, https:\/\/godefroy-bourneuf.fr\/wp-content\/uploads\/2024\/05\/pal.caisse.pltAB-013-min-300x225.jpg 300w, https:\/\/godefroy-bourneuf.fr\/wp-content\/uploads\/2024\/05\/pal.caisse.pltAB-013-min-1024x768.jpg 1024w, https:\/\/godefroy-bourneuf.fr\/wp-content\/uploads\/2024\/05\/pal.caisse.pltAB-013-min-768x576.jpg 768w, https:\/\/godefroy-bourneuf.fr\/wp-content\/uploads\/2024\/05\/pal.caisse.pltAB-013-min-1536x1152.jpg 1536w, https:\/\/godefroy-bourneuf.fr\/wp-content\/uploads\/2024\/05\/pal.caisse.pltAB-013-min-2048x1536.jpg 2048w\" sizes=\"auto, (max-width: 2560px) 100vw, 2560px\" \/><\/figure>\n<\/div>\n\n\n\n<div class=\"wp-block-column is-layout-flow wp-block-column-is-layout-flow\">\n<figure class=\"wp-block-image aligncenter size-full is-style-default\"><img loading=\"lazy\" decoding=\"async\" width=\"2560\" height=\"1920\" src=\"https:\/\/godefroy-bourneuf.fr\/WP\/wp-content\/uploads\/2024\/05\/FRAISIERS2010-2011-055-min-scaled.jpg\" alt=\"\" class=\"wp-image-357\" srcset=\"https:\/\/godefroy-bourneuf.fr\/wp-content\/uploads\/2024\/05\/FRAISIERS2010-2011-055-min-scaled.jpg 2560w, https:\/\/godefroy-bourneuf.fr\/wp-content\/uploads\/2024\/05\/FRAISIERS2010-2011-055-min-300x225.jpg 300w, https:\/\/godefroy-bourneuf.fr\/wp-content\/uploads\/2024\/05\/FRAISIERS2010-2011-055-min-1024x768.jpg 1024w, https:\/\/godefroy-bourneuf.fr\/wp-content\/uploads\/2024\/05\/FRAISIERS2010-2011-055-min-768x576.jpg 768w, https:\/\/godefroy-bourneuf.fr\/wp-content\/uploads\/2024\/05\/FRAISIERS2010-2011-055-min-1536x1152.jpg 1536w, https:\/\/godefroy-bourneuf.fr\/wp-content\/uploads\/2024\/05\/FRAISIERS2010-2011-055-min-2048x1536.jpg 2048w\" sizes=\"auto, (max-width: 2560px) 100vw, 2560px\" \/><\/figure>\n<\/div>\n<\/div>\n","protected":false},"excerpt":{"rendered":"<p>Disponibilit\u00e9 Une \u00e9quipe r\u00e9active et \u00e0 votre disposition d\u00e8s la prise de contact et jusqu&rsquo;\u00e0 la r\u00e9ception chez vous. &#x1f4e6; \u00c0 votre \u00e9coute Afin d&rsquo;assurer une relation suivie, une \u00e9quipe dynamique est \u00e0 votre \u00e9coute pour satisfaire parfaitement votre demande. Notre exigence Notre professionnalisme se traduit par une exigence envers la qualit\u00e9 de nos produits [&hellip;]<\/p>\n","protected":false},"author":1,"featured_media":0,"parent":0,"menu_order":0,"comment_status":"closed","ping_status":"closed","template":"","meta":{"footnotes":""},"class_list":["post-69","page","type-page","status-publish","hentry"],"_links":{"self":[{"href":"https:\/\/godefroy-bourneuf.fr\/index.php?rest_route=\/wp\/v2\/pages\/69","targetHints":{"allow":["GET"]}}],"collection":[{"href":"https:\/\/godefroy-bourneuf.fr\/index.php?rest_route=\/wp\/v2\/pages"}],"about":[{"href":"https:\/\/godefroy-bourneuf.fr\/index.php?rest_route=\/wp\/v2\/types\/page"}],"author":[{"embeddable":true,"href":"https:\/\/godefroy-bourneuf.fr\/index.php?rest_route=\/wp\/v2\/users\/1"}],"replies":[{"embeddable":true,"href":"https:\/\/godefroy-bourneuf.fr\/index.php?rest_route=%2Fwp%2Fv2%2Fcomments&post=69"}],"version-history":[{"count":12,"href":"https:\/\/godefroy-bourneuf.fr\/index.php?rest_route=\/wp\/v2\/pages\/69\/revisions"}],"predecessor-version":[{"id":402,"href":"https:\/\/godefroy-bourneuf.fr\/index.php?rest_route=\/wp\/v2\/pages\/69\/revisions\/402"}],"wp:attachment":[{"href":"https:\/\/godefroy-bourneuf.fr\/index.php?rest_route=%2Fwp%2Fv2%2Fmedia&parent=69"}],"curies":[{"name":"wp","href":"https:\/\/api.w.org\/{rel}","templated":true}]}}