{"id":57,"date":"2024-05-21T12:34:22","date_gmt":"2024-05-21T12:34:22","guid":{"rendered":"https:\/\/godefroy-bourneuf.fr\/WP\/?page_id=57"},"modified":"2024-06-19T15:12:37","modified_gmt":"2024-06-19T13:12:37","slug":"qui-sommes-nous","status":"publish","type":"page","link":"https:\/\/godefroy-bourneuf.fr\/?page_id=57","title":{"rendered":"QUI SOMMES-NOUS ? &#x1f353;"},"content":{"rendered":"\n<div class=\"wp-block-media-text alignwide has-media-on-the-right is-stacked-on-mobile is-image-fill has-extra-small-font-size\" style=\"grid-template-columns:auto 47%\"><div class=\"wp-block-media-text__content\">\n<div class=\"wp-block-cover wp-duotone-unset-1\"><span aria-hidden=\"true\" class=\"wp-block-cover__background has-vivid-red-background-color has-background-dim-100 has-background-dim\"><\/span><div class=\"wp-block-cover__inner-container has-global-padding is-layout-constrained wp-block-cover-is-layout-constrained\">\n<div class=\"wp-block-group is-vertical is-layout-flex wp-container-core-group-is-layout-1 wp-block-group-is-layout-flex\">\n<p class=\"has-amatic-sc-font-family has-extra-large-font-size\">\u21e8 <strong>l&rsquo;histoire de l&rsquo;entreprise<\/strong> <\/p>\n\n\n\n<p class=\"has-manrope-font-family\"><strong>Les premiers plants de fraisiers&nbsp;<\/strong><\/p>\n\n\n\n<p class=\"has-manrope-font-family\">La production des premiers plants de fraisiers frigo d\u00e9bute pour subvenir aux propres besoins de l&rsquo;exploitation li\u00e9e \u00e0 la production de fraises.<\/p>\n\n\n\n<p class=\"has-manrope-font-family\"><strong>1 janvier 1978 | L&rsquo;entreprise familiale devient p\u00e9pini\u00e9riste<\/strong><\/p>\n\n\n\n<p class=\"has-manrope-font-family\">Le GAEC Godefroy P\u00e8re et Fils devient p\u00e9pini\u00e9riste, multiplicateur de plants de fraisiers certifi\u00e9s SOC (Service Officiel de Contr\u00f4le) et adh\u00e9rent au SNPPFOC (Syndicat National des Producteurs de Plants de Fraisiers). C&rsquo;est le d\u00e9but de la commercialisation pour la production fruiti\u00e8re personnelle et pour quelques clients locaux.<\/p>\n\n\n\n<p class=\"has-manrope-font-family\"><strong>1980 <\/strong><\/p>\n\n\n\n<p class=\"has-manrope-font-family\"> 1\u00e8re ann\u00e9e de commercialisation de plants de fraisiers frigo sp\u00e9cial godets pour la client\u00e8le horticole<\/p>\n\n\n\n<p class=\"has-manrope-font-family\"><strong>De 1980 \u00e0 1997 <\/strong><\/p>\n\n\n\n<p class=\"has-manrope-font-family\">Les p\u00e9pini\u00e8res Godefroy se sont d\u00e9velopp\u00e9s dans le monde horticole suite \u00e0 un travail s\u00e9rieux r\u00e9pondant aux exigences de la client\u00e8le horticole.<\/p>\n\n\n\n<p class=\"has-manrope-font-family\"><strong>1 janvier 1999 | Adh\u00e9sion au CIREF<\/strong><\/p>\n\n\n\n<p class=\"has-manrope-font-family\">\u00c0 partir de cette date, l&rsquo;adh\u00e9sion au CIREF (Centre Interr\u00e9gional de Recherche et d&rsquo;\u00c9tude sur la Fraise) nous a permis d&rsquo;\u00e9largir notre gamme de vari\u00e9t\u00e9s.<\/p>\n\n\n\n<p class=\"has-manrope-font-family\"><strong>&nbsp;23 juin 2010 | Naissance des \u00ab\u00a0FRAISIERS DE LA SARTHE\u00a0\u00bb<\/strong><\/p>\n\n\n\n<p class=\"has-manrope-font-family\">La marque \u00ab\u00a0Les Fraisiers de la Sarthe\u00a0\u00bb voit le jour \u00e0 la date du 23 juin 2010.<\/p>\n\n\n\n<p class=\"has-manrope-font-family\"><strong>2021 | Production d&rsquo;une nouvelle vari\u00e9t\u00e9 de plants de fraisiers : LA CANTALISS<\/strong><\/p>\n\n\n\n<p class=\"has-manrope-font-family\">Il s&rsquo;agit d&rsquo;une vari\u00e9t\u00e9 adapt\u00e9e aux itin\u00e9raires de cultures biologiques et int\u00e9ressante pour les jardins.<\/p>\n<\/div>\n<\/div><\/div>\n<\/div><figure class=\"wp-block-media-text__media\" style=\"background-image:url(https:\/\/godefroy-bourneuf.fr\/wp-content\/uploads\/2024\/05\/241837348_106408035123234_5464050697185926892_n-1024x694.jpg);background-position:50% 50%\"><img loading=\"lazy\" decoding=\"async\" width=\"1024\" height=\"694\" src=\"https:\/\/godefroy-bourneuf.fr\/wp-content\/uploads\/2024\/05\/241837348_106408035123234_5464050697185926892_n-1024x694.jpg\" alt=\"\" class=\"wp-image-60 size-full\" srcset=\"https:\/\/godefroy-bourneuf.fr\/wp-content\/uploads\/2024\/05\/241837348_106408035123234_5464050697185926892_n-1024x694.jpg 1024w, https:\/\/godefroy-bourneuf.fr\/wp-content\/uploads\/2024\/05\/241837348_106408035123234_5464050697185926892_n-300x203.jpg 300w, https:\/\/godefroy-bourneuf.fr\/wp-content\/uploads\/2024\/05\/241837348_106408035123234_5464050697185926892_n-768x521.jpg 768w, https:\/\/godefroy-bourneuf.fr\/wp-content\/uploads\/2024\/05\/241837348_106408035123234_5464050697185926892_n-1536x1041.jpg 1536w, https:\/\/godefroy-bourneuf.fr\/wp-content\/uploads\/2024\/05\/241837348_106408035123234_5464050697185926892_n.jpg 2048w\" sizes=\"auto, (max-width: 1024px) 100vw, 1024px\" \/><\/figure><\/div>\n\n\n\n<h2 class=\"wp-block-heading has-extra-large-font-size\"><strong>Une entreprise familiale au service de la demande horticole !<\/strong> &#x1f331;<\/h2>\n\n\n\n<p class=\"has-manrope-font-family\">L&rsquo;EARL GODEFROY-BOURNEUF, dirig\u00e9e par <strong>Florence et Jean-Marc BOURNEUF<\/strong> est sp\u00e9cialis\u00e9e dans la production et la commercialisation de plants de fraisiers.&nbsp;<\/p>\n\n\n\n<p class=\"has-manrope-font-family\"><strong>Cette passion se perp\u00e9tue depuis 3 g\u00e9n\u00e9rations.<\/strong><\/p>\n\n\n\n<p class=\"has-manrope-font-family\"><img loading=\"lazy\" decoding=\"async\" alt=\"&#x2714;&#xfe0f;\" height=\"16\" src=\"https:\/\/static.xx.fbcdn.net\/images\/emoji.php\/v9\/td8\/1.5\/16\/2714.png\" width=\"16\"> Multiplicateur, producteur, p\u00e9pini\u00e9riste de fraisiers<\/p>\n\n\n\n<p class=\"has-manrope-font-family\"><img loading=\"lazy\" decoding=\"async\" alt=\"&#x2714;&#xfe0f;\" height=\"16\" src=\"https:\/\/static.xx.fbcdn.net\/images\/emoji.php\/v9\/td8\/1.5\/16\/2714.png\" width=\"16\"> Vari\u00e9t\u00e9s anciennes et nouvelles<\/p>\n\n\n\n<p class=\"has-manrope-font-family\"><img loading=\"lazy\" decoding=\"async\" alt=\"&#x2714;&#xfe0f;\" height=\"16\" src=\"https:\/\/static.xx.fbcdn.net\/images\/emoji.php\/v9\/td8\/1.5\/16\/2714.png\" width=\"16\"> Pour les horticulteurs, les producteurs fruitiers et les particuliers<\/p>\n\n\n\n<p class=\"has-manrope-font-family\">&#x1f4cc; <strong>Notre professionnalisme se traduit par une exigence envers la qualit\u00e9 de nos produits afin de r\u00e9pondre au mieux \u00e0 vos besoins faits de traditions et d&rsquo;innovations<\/strong>.<\/p>\n\n\n\n<p><\/p>\n\n\n\n<figure class=\"wp-block-image aligncenter size-large is-resized\"><img decoding=\"async\" src=\"https:\/\/godefroy-bourneuf.fr\/wp-content\/uploads\/2024\/05\/Design-sans-titre4.png\" alt=\"\" style=\"width:178px;height:auto\"\/><\/figure>\n\n\n\n<div class=\"wp-block-columns is-layout-flex wp-container-core-columns-is-layout-1 wp-block-columns-is-layout-flex\">\n<div class=\"wp-block-column is-layout-flow wp-block-column-is-layout-flow\"><\/div>\n\n\n\n<div class=\"wp-block-column is-layout-flow wp-block-column-is-layout-flow\"><\/div>\n<\/div>\n","protected":false},"excerpt":{"rendered":"<p>Une entreprise familiale au service de la demande horticole ! &#x1f331; L&rsquo;EARL GODEFROY-BOURNEUF, dirig\u00e9e par Florence et Jean-Marc BOURNEUF est sp\u00e9cialis\u00e9e dans la production et la commercialisation de plants de fraisiers.&nbsp; Cette passion se perp\u00e9tue depuis 3 g\u00e9n\u00e9rations. Multiplicateur, producteur, p\u00e9pini\u00e9riste de fraisiers Vari\u00e9t\u00e9s anciennes et nouvelles Pour les horticulteurs, les producteurs fruitiers et les [&hellip;]<\/p>\n","protected":false},"author":1,"featured_media":0,"parent":0,"menu_order":0,"comment_status":"closed","ping_status":"closed","template":"","meta":{"footnotes":""},"class_list":["post-57","page","type-page","status-publish","hentry"],"_links":{"self":[{"href":"https:\/\/godefroy-bourneuf.fr\/index.php?rest_route=\/wp\/v2\/pages\/57","targetHints":{"allow":["GET"]}}],"collection":[{"href":"https:\/\/godefroy-bourneuf.fr\/index.php?rest_route=\/wp\/v2\/pages"}],"about":[{"href":"https:\/\/godefroy-bourneuf.fr\/index.php?rest_route=\/wp\/v2\/types\/page"}],"author":[{"embeddable":true,"href":"https:\/\/godefroy-bourneuf.fr\/index.php?rest_route=\/wp\/v2\/users\/1"}],"replies":[{"embeddable":true,"href":"https:\/\/godefroy-bourneuf.fr\/index.php?rest_route=%2Fwp%2Fv2%2Fcomments&post=57"}],"version-history":[{"count":23,"href":"https:\/\/godefroy-bourneuf.fr\/index.php?rest_route=\/wp\/v2\/pages\/57\/revisions"}],"predecessor-version":[{"id":448,"href":"https:\/\/godefroy-bourneuf.fr\/index.php?rest_route=\/wp\/v2\/pages\/57\/revisions\/448"}],"wp:attachment":[{"href":"https:\/\/godefroy-bourneuf.fr\/index.php?rest_route=%2Fwp%2Fv2%2Fmedia&parent=57"}],"curies":[{"name":"wp","href":"https:\/\/api.w.org\/{rel}","templated":true}]}}