{"id":105,"date":"2024-05-21T14:34:26","date_gmt":"2024-05-21T14:34:26","guid":{"rendered":"https:\/\/godefroy-bourneuf.fr\/WP\/?page_id=105"},"modified":"2026-03-05T12:30:35","modified_gmt":"2026-03-05T11:30:35","slug":"nos-varietes","status":"publish","type":"page","link":"https:\/\/godefroy-bourneuf.fr\/?page_id=105","title":{"rendered":"NOS VARI\u00c9T\u00c9S &#x1f353;"},"content":{"rendered":"\n<figure class=\"wp-block-image aligncenter size-large is-resized\"><img loading=\"lazy\" decoding=\"async\" width=\"1024\" height=\"741\" src=\"https:\/\/godefroy-bourneuf.fr\/WP\/wp-content\/uploads\/2024\/05\/Nos-varietes1-1-1024x741.png\" alt=\"\" class=\"wp-image-395\" style=\"width:775px;height:auto\" srcset=\"https:\/\/godefroy-bourneuf.fr\/wp-content\/uploads\/2024\/05\/Nos-varietes1-1-1024x741.png 1024w, https:\/\/godefroy-bourneuf.fr\/wp-content\/uploads\/2024\/05\/Nos-varietes1-1-300x217.png 300w, https:\/\/godefroy-bourneuf.fr\/wp-content\/uploads\/2024\/05\/Nos-varietes1-1-768x556.png 768w, https:\/\/godefroy-bourneuf.fr\/wp-content\/uploads\/2024\/05\/Nos-varietes1-1-1536x1112.png 1536w, https:\/\/godefroy-bourneuf.fr\/wp-content\/uploads\/2024\/05\/Nos-varietes1-1.png 2000w\" sizes=\"auto, (max-width: 1024px) 100vw, 1024px\" \/><\/figure>\n\n\n\n<hr class=\"wp-block-separator has-alpha-channel-opacity\"\/>\n\n\n\n<p class=\"has-text-align-center has-secondary-color has-vivid-red-background-color has-text-color has-background has-link-color has-amatic-sc-font-family has-extra-large-font-size wp-elements-5d49ae5c5a140eb68ac8f81d73e7b6aa\"><strong>CONSULTER ET\/OU T\u00c9L\u00c9CHARGER NOS FICHES DESCRIPTIVES :<\/strong><\/p>\n\n\n\n<p><\/p>\n\n\n\n<p class=\"has-text-align-center has-amatic-sc-font-family has-extra-large-font-size\"><strong>REMONTANTES<\/strong> &#x1f353;<\/p>\n\n\n\n<div class=\"wp-block-buttons is-content-justification-center is-layout-flex wp-container-core-buttons-is-layout-1 wp-block-buttons-is-layout-flex\">\n<div class=\"wp-block-button\"><a class=\"wp-block-button__link wp-element-button\" href=\"https:\/\/godefroy-bourneuf.fr\/wp-content\/uploads\/2024\/05\/charlotte_page-0001.jpg\" target=\"_blank\" rel=\"noreferrer noopener\">CHARLOTTE<\/a><\/div>\n\n\n\n<div class=\"wp-block-button\"><a class=\"wp-block-button__link wp-element-button\" href=\"https:\/\/godefroy-bourneuf.fr\/wp-content\/uploads\/2024\/05\/cirano_page-0001.jpg\" target=\"_blank\" rel=\"noreferrer noopener\">CIRANO<\/a><\/div>\n\n\n\n<div class=\"wp-block-button\"><a class=\"wp-block-button__link wp-element-button\" href=\"https:\/\/godefroy-bourneuf.fr\/wp-content\/uploads\/2024\/05\/cirafine_page-0001.jpg\" target=\"_blank\" rel=\"noreferrer noopener\">CIRAFINE<\/a><\/div>\n\n\n\n<div class=\"wp-block-button\"><a class=\"wp-block-button__link wp-element-button\" href=\"https:\/\/godefroy-bourneuf.fr\/wp-content\/uploads\/2024\/05\/cijosee_page-0001.jpg\" target=\"_blank\" rel=\"noreferrer noopener\">CIJOS\u00c9E<\/a><\/div>\n\n\n\n<div class=\"wp-block-button\"><a class=\"wp-block-button__link wp-element-button\" href=\"https:\/\/godefroy-bourneuf.fr\/wp-content\/uploads\/2024\/05\/gento_page-0001.jpg\" target=\"_blank\" rel=\"noreferrer noopener\">GENTO<\/a><\/div>\n\n\n\n<div class=\"wp-block-button\"><a class=\"wp-block-button__link wp-element-button\" href=\"https:\/\/godefroy-bourneuf.fr\/wp-content\/uploads\/2024\/05\/mounteverest_page-0001.jpg\" target=\"_blank\" rel=\"noreferrer noopener\">MOUNT EVEREST<\/a><\/div>\n\n\n\n<div class=\"wp-block-button\"><a class=\"wp-block-button__link wp-element-button\" href=\"https:\/\/godefroy-bourneuf.fr\/wp-content\/uploads\/2024\/05\/Mara-des-Bois_page-0001.jpg\" target=\"_blank\" rel=\"noreferrer noopener\">MARA DES BOIS<\/a><\/div>\n\n\n\n<div class=\"wp-block-button\"><a class=\"wp-block-button__link wp-element-button\" href=\"https:\/\/godefroy-bourneuf.fr\/wp-content\/uploads\/2024\/05\/cantaliss_page-0001.jpg\" target=\"_blank\" rel=\"noreferrer noopener\">CANTALISS<\/a><\/div>\n<\/div>\n\n\n\n<hr class=\"wp-block-separator has-alpha-channel-opacity\"\/>\n\n\n\n<p class=\"has-text-align-center has-amatic-sc-font-family has-extra-large-font-size\"><strong>NON REMONTANTES<\/strong> &#x1f353;<\/p>\n\n\n\n<div class=\"wp-block-buttons is-content-justification-center is-layout-flex wp-container-core-buttons-is-layout-2 wp-block-buttons-is-layout-flex\">\n<div class=\"wp-block-button\"><a class=\"wp-block-button__link wp-element-button\" href=\"https:\/\/godefroy-bourneuf.fr\/wp-content\/uploads\/2024\/05\/rubis_page-0001.jpg\" target=\"_blank\" rel=\"noreferrer noopener\">RUBIS DES JARDINS<\/a><\/div>\n\n\n\n<div class=\"wp-block-button\"><a class=\"wp-block-button__link wp-element-button\" href=\"https:\/\/godefroy-bourneuf.fr\/wp-content\/uploads\/2024\/05\/ciflorette_page-0001.jpg\" target=\"_blank\" rel=\"noreferrer noopener\">CIFLORETTE<\/a><\/div>\n\n\n\n<div class=\"wp-block-button\"><a class=\"wp-block-button__link wp-element-button\" href=\"https:\/\/godefroy-bourneuf.fr\/wp-content\/uploads\/2024\/05\/cigaline_page-0001.jpg\" target=\"_blank\" rel=\"noreferrer noopener\">CIGALINE<\/a><\/div>\n\n\n\n<div class=\"wp-block-button\"><a class=\"wp-block-button__link wp-element-button\" href=\"https:\/\/godefroy-bourneuf.fr\/wp-content\/uploads\/2024\/05\/gariguette_page-0001.jpg\" target=\"_blank\" rel=\"noreferrer noopener\">GARIGUETTE<\/a><\/div>\n\n\n\n<div class=\"wp-block-button\"><a class=\"wp-block-button__link wp-element-button\" href=\"https:\/\/godefroy-bourneuf.fr\/wp-content\/uploads\/2024\/05\/surprisedeshalles_page-0001.jpg\" target=\"_blank\" rel=\"noreferrer noopener\">SURPRISE DES HALLES<\/a><\/div>\n\n\n\n<div class=\"wp-block-button\"><a class=\"wp-block-button__link wp-element-button\" href=\"https:\/\/godefroy-bourneuf.fr\/wp-content\/uploads\/2024\/05\/madamemoutot_page-0001.jpg\" target=\"_blank\" rel=\"noreferrer noopener\">MME MOUT\u00d4T<\/a><\/div>\n\n\n\n<div class=\"wp-block-button\"><a class=\"wp-block-button__link wp-element-button\" href=\"https:\/\/godefroy-bourneuf.fr\/wp-content\/uploads\/2024\/05\/gorella_page-0001.jpg\" target=\"_blank\" rel=\"noreferrer noopener\">GORELLA<\/a><\/div>\n\n\n<\/div>\n\n\n\n<hr class=\"wp-block-separator has-alpha-channel-opacity\"\/>\n\n\n\n<p class=\"has-manrope-font-family\">N&rsquo;h\u00e9sitez pas \u00e0 nous demander <strong>votre tableau personnalis\u00e9<\/strong> selon les vari\u00e9t\u00e9s que vous commandez habituellement.<\/p>\n\n\n\n<p class=\"has-manrope-font-family\">Il permettra \u00e0 vos clients <strong>d&rsquo;identifier les p\u00e9riodes de production<\/strong> ; selon les diff\u00e9rentes vari\u00e9t\u00e9s (remontantes \/ non remontantes). <img loading=\"lazy\" decoding=\"async\" height=\"16\" width=\"16\" src=\"https:\/\/static.xx.fbcdn.net\/images\/emoji.php\/v9\/ta9\/1\/16\/1f353.png\" alt=\"&#x1f353;\"><\/p>\n\n\n\n<p class=\"has-amatic-sc-font-family has-large-font-size\"><img loading=\"lazy\" decoding=\"async\" height=\"16\" width=\"16\" src=\"https:\/\/static.xx.fbcdn.net\/images\/emoji.php\/v9\/tac\/1\/16\/1f4cc.png\" alt=\"&#x1f4cc;\">  Gratuit, sur demande<\/p>\n\n\n\n<p class=\"has-amatic-sc-font-family\"><\/p>\n\n\n\n<figure class=\"wp-block-image aligncenter size-large is-resized\"><a href=\"https:\/\/godefroy-bourneuf.fr\/wp-content\/uploads\/2024\/10\/Fiche-descriptive-gamme.pdf\" target=\"_blank\" rel=\"noreferrer noopener\"><img loading=\"lazy\" decoding=\"async\" width=\"724\" height=\"1024\" src=\"https:\/\/godefroy-bourneuf.fr\/wp-content\/uploads\/2024\/10\/Fiche-descriptive-gamme-3-724x1024.png\" alt=\"\" class=\"wp-image-496\" style=\"width:417px;height:auto\" srcset=\"https:\/\/godefroy-bourneuf.fr\/wp-content\/uploads\/2024\/10\/Fiche-descriptive-gamme-3-724x1024.png 724w, https:\/\/godefroy-bourneuf.fr\/wp-content\/uploads\/2024\/10\/Fiche-descriptive-gamme-3-212x300.png 212w, https:\/\/godefroy-bourneuf.fr\/wp-content\/uploads\/2024\/10\/Fiche-descriptive-gamme-3-768x1086.png 768w, https:\/\/godefroy-bourneuf.fr\/wp-content\/uploads\/2024\/10\/Fiche-descriptive-gamme-3-1086x1536.png 1086w, https:\/\/godefroy-bourneuf.fr\/wp-content\/uploads\/2024\/10\/Fiche-descriptive-gamme-3.png 1414w\" sizes=\"auto, (max-width: 724px) 100vw, 724px\" \/><\/a><\/figure>\n","protected":false},"excerpt":{"rendered":"<p>CONSULTER ET\/OU T\u00c9L\u00c9CHARGER NOS FICHES DESCRIPTIVES : REMONTANTES &#x1f353; NON REMONTANTES &#x1f353; N&rsquo;h\u00e9sitez pas \u00e0 nous demander votre tableau personnalis\u00e9 selon les vari\u00e9t\u00e9s que vous commandez habituellement. Il permettra \u00e0 vos clients d&rsquo;identifier les p\u00e9riodes de production ; selon les diff\u00e9rentes vari\u00e9t\u00e9s (remontantes \/ non remontantes). Gratuit, sur demande<\/p>\n","protected":false},"author":1,"featured_media":0,"parent":0,"menu_order":0,"comment_status":"closed","ping_status":"closed","template":"","meta":{"footnotes":""},"class_list":["post-105","page","type-page","status-publish","hentry"],"_links":{"self":[{"href":"https:\/\/godefroy-bourneuf.fr\/index.php?rest_route=\/wp\/v2\/pages\/105","targetHints":{"allow":["GET"]}}],"collection":[{"href":"https:\/\/godefroy-bourneuf.fr\/index.php?rest_route=\/wp\/v2\/pages"}],"about":[{"href":"https:\/\/godefroy-bourneuf.fr\/index.php?rest_route=\/wp\/v2\/types\/page"}],"author":[{"embeddable":true,"href":"https:\/\/godefroy-bourneuf.fr\/index.php?rest_route=\/wp\/v2\/users\/1"}],"replies":[{"embeddable":true,"href":"https:\/\/godefroy-bourneuf.fr\/index.php?rest_route=%2Fwp%2Fv2%2Fcomments&post=105"}],"version-history":[{"count":19,"href":"https:\/\/godefroy-bourneuf.fr\/index.php?rest_route=\/wp\/v2\/pages\/105\/revisions"}],"predecessor-version":[{"id":516,"href":"https:\/\/godefroy-bourneuf.fr\/index.php?rest_route=\/wp\/v2\/pages\/105\/revisions\/516"}],"wp:attachment":[{"href":"https:\/\/godefroy-bourneuf.fr\/index.php?rest_route=%2Fwp%2Fv2%2Fmedia&parent=105"}],"curies":[{"name":"wp","href":"https:\/\/api.w.org\/{rel}","templated":true}]}}